{"id":674,"date":"2020-02-05T12:09:15","date_gmt":"2020-02-05T14:09:15","guid":{"rendered":"http:\/\/portais.fabricawebsis.com.br\/forts\/?page_id=674"},"modified":"2020-02-05T12:24:11","modified_gmt":"2020-02-05T14:24:11","slug":"servicos","status":"publish","type":"page","link":"https:\/\/forts.com.br\/?page_id=674","title":{"rendered":"Servi\u00e7os"},"content":{"rendered":"\t\t<div data-elementor-type=\"wp-post\" data-elementor-id=\"674\" class=\"elementor elementor-674\">\n\t\t\t\t\t\t<section class=\"elementor-section elementor-top-section elementor-element elementor-element-eca3ffa elementor-section-boxed elementor-section-height-default elementor-section-height-default\" data-id=\"eca3ffa\" data-element_type=\"section\" data-settings=\"{&quot;background_background&quot;:&quot;classic&quot;}\">\n\t\t\t\t\t\t<div class=\"elementor-container elementor-column-gap-default\">\n\t\t\t\t\t<div class=\"elementor-column elementor-col-100 elementor-top-column elementor-element elementor-element-d4bbcc7\" data-id=\"d4bbcc7\" data-element_type=\"column\">\n\t\t\t<div class=\"elementor-widget-wrap elementor-element-populated\">\n\t\t\t\t\t\t<div class=\"elementor-element elementor-element-6a36ef1 no-margin-bottom elementor-widget elementor-widget-heading\" data-id=\"6a36ef1\" data-element_type=\"widget\" data-widget_type=\"heading.default\">\n\t\t\t\t<div class=\"elementor-widget-container\">\n\t\t\t\t\t<h2 class=\"elementor-heading-title elementor-size-default\">Servi\u00e7os<\/h2>\t\t\t\t<\/div>\n\t\t\t\t<\/div>\n\t\t\t\t<div class=\"elementor-element elementor-element-2c5dc4b elementor-widget-divider--view-line elementor-widget elementor-widget-divider\" data-id=\"2c5dc4b\" data-element_type=\"widget\" data-widget_type=\"divider.default\">\n\t\t\t\t<div class=\"elementor-widget-container\">\n\t\t\t\t\t\t\t<div class=\"elementor-divider\">\n\t\t\t<span class=\"elementor-divider-separator\">\n\t\t\t\t\t\t<\/span>\n\t\t<\/div>\n\t\t\t\t\t\t<\/div>\n\t\t\t\t<\/div>\n\t\t\t\t\t<\/div>\n\t\t<\/div>\n\t\t\t\t\t<\/div>\n\t\t<\/section>\n\t\t\t\t<section class=\"elementor-section elementor-top-section elementor-element elementor-element-82623e4 elementor-section-boxed elementor-section-height-default elementor-section-height-default\" data-id=\"82623e4\" data-element_type=\"section\">\n\t\t\t\t\t\t<div class=\"elementor-container elementor-column-gap-default\">\n\t\t\t\t\t<div class=\"elementor-column elementor-col-33 elementor-top-column elementor-element elementor-element-8c3f16f\" data-id=\"8c3f16f\" data-element_type=\"column\">\n\t\t\t<div class=\"elementor-widget-wrap elementor-element-populated\">\n\t\t\t\t\t\t<div class=\"elementor-element elementor-element-65fca75 elementor-position-top elementor-widget elementor-widget-image-box\" data-id=\"65fca75\" data-element_type=\"widget\" data-widget_type=\"image-box.default\">\n\t\t\t\t<div class=\"elementor-widget-container\">\n\t\t\t\t\t<div class=\"elementor-image-box-wrapper\"><figure class=\"elementor-image-box-img\"><img decoding=\"async\" width=\"158\" height=\"158\" src=\"https:\/\/forts.com.br\/wp-content\/uploads\/2020\/02\/icon-001-project.png\" class=\"attachment-full size-full wp-image-560\" alt=\"\" srcset=\"https:\/\/forts.com.br\/wp-content\/uploads\/2020\/02\/icon-001-project.png 158w, https:\/\/forts.com.br\/wp-content\/uploads\/2020\/02\/icon-001-project-150x150.png 150w\" sizes=\"(max-width: 158px) 100vw, 158px\" \/><\/figure><div class=\"elementor-image-box-content\"><p class=\"elementor-image-box-description\">Levantamento dimensional da Torre para confec\u00e7\u00e3o dos Desenhos de Projteto<\/p><\/div><\/div>\t\t\t\t<\/div>\n\t\t\t\t<\/div>\n\t\t\t\t\t<\/div>\n\t\t<\/div>\n\t\t\t\t<div class=\"elementor-column elementor-col-33 elementor-top-column elementor-element elementor-element-ee062c6\" data-id=\"ee062c6\" data-element_type=\"column\">\n\t\t\t<div class=\"elementor-widget-wrap elementor-element-populated\">\n\t\t\t\t\t\t<div class=\"elementor-element elementor-element-9a8fa98 elementor-position-top elementor-widget elementor-widget-image-box\" data-id=\"9a8fa98\" data-element_type=\"widget\" data-widget_type=\"image-box.default\">\n\t\t\t\t<div class=\"elementor-widget-container\">\n\t\t\t\t\t<div class=\"elementor-image-box-wrapper\"><figure class=\"elementor-image-box-img\"><img decoding=\"async\" width=\"202\" height=\"169\" src=\"https:\/\/forts.com.br\/wp-content\/uploads\/2020\/02\/icon-009-sketch.png\" class=\"attachment-full size-full wp-image-682\" alt=\"\" \/><\/figure><div class=\"elementor-image-box-content\"><p class=\"elementor-image-box-description\">Execu\u00e7\u00e3o de Laudo T\u00e9cnico<\/p><\/div><\/div>\t\t\t\t<\/div>\n\t\t\t\t<\/div>\n\t\t\t\t\t<\/div>\n\t\t<\/div>\n\t\t\t\t<div class=\"elementor-column elementor-col-33 elementor-top-column elementor-element elementor-element-4d12905\" data-id=\"4d12905\" data-element_type=\"column\">\n\t\t\t<div class=\"elementor-widget-wrap elementor-element-populated\">\n\t\t\t\t\t\t<div class=\"elementor-element elementor-element-25972f6 elementor-position-top elementor-widget elementor-widget-image-box\" data-id=\"25972f6\" data-element_type=\"widget\" data-widget_type=\"image-box.default\">\n\t\t\t\t<div class=\"elementor-widget-container\">\n\t\t\t\t\t<div class=\"elementor-image-box-wrapper\"><figure class=\"elementor-image-box-img\"><img decoding=\"async\" width=\"137\" height=\"137\" src=\"https:\/\/forts.com.br\/wp-content\/uploads\/2020\/02\/icon-003-rigging.png\" class=\"attachment-full size-full wp-image-562\" alt=\"\" \/><\/figure><div class=\"elementor-image-box-content\"><p class=\"elementor-image-box-description\">Refor\u00e7o Estrutural de torres met\u00e1licas<\/p><\/div><\/div>\t\t\t\t<\/div>\n\t\t\t\t<\/div>\n\t\t\t\t\t<\/div>\n\t\t<\/div>\n\t\t\t\t\t<\/div>\n\t\t<\/section>\n\t\t\t\t<section class=\"elementor-section elementor-top-section elementor-element elementor-element-8f0f432 elementor-section-boxed elementor-section-height-default elementor-section-height-default\" data-id=\"8f0f432\" data-element_type=\"section\">\n\t\t\t\t\t\t<div class=\"elementor-container elementor-column-gap-default\">\n\t\t\t\t\t<div class=\"elementor-column elementor-col-33 elementor-top-column elementor-element elementor-element-080fa89\" data-id=\"080fa89\" data-element_type=\"column\">\n\t\t\t<div class=\"elementor-widget-wrap elementor-element-populated\">\n\t\t\t\t\t\t<div class=\"elementor-element elementor-element-eb9c0ed elementor-position-top elementor-widget elementor-widget-image-box\" data-id=\"eb9c0ed\" data-element_type=\"widget\" data-widget_type=\"image-box.default\">\n\t\t\t\t<div class=\"elementor-widget-container\">\n\t\t\t\t\t<div class=\"elementor-image-box-wrapper\"><figure class=\"elementor-image-box-img\"><img loading=\"lazy\" decoding=\"async\" width=\"117\" height=\"156\" src=\"https:\/\/forts.com.br\/wp-content\/uploads\/2020\/02\/icon-Grupo-131-1.png\" class=\"attachment-full size-full wp-image-565\" alt=\"\" \/><\/figure><div class=\"elementor-image-box-content\"><p class=\"elementor-image-box-description\">Amplia\u00e7\u00e3o de Torres<\/p><\/div><\/div>\t\t\t\t<\/div>\n\t\t\t\t<\/div>\n\t\t\t\t\t<\/div>\n\t\t<\/div>\n\t\t\t\t<div class=\"elementor-column elementor-col-33 elementor-top-column elementor-element elementor-element-ec77741\" data-id=\"ec77741\" data-element_type=\"column\">\n\t\t\t<div class=\"elementor-widget-wrap elementor-element-populated\">\n\t\t\t\t\t\t<div class=\"elementor-element elementor-element-683650d elementor-position-top elementor-widget elementor-widget-image-box\" data-id=\"683650d\" data-element_type=\"widget\" data-widget_type=\"image-box.default\">\n\t\t\t\t<div class=\"elementor-widget-container\">\n\t\t\t\t\t<div class=\"elementor-image-box-wrapper\"><figure class=\"elementor-image-box-img\"><img loading=\"lazy\" decoding=\"async\" width=\"169\" height=\"127\" src=\"https:\/\/forts.com.br\/wp-content\/uploads\/2020\/02\/icon-005-broken-cable.png\" class=\"attachment-full size-full wp-image-564\" alt=\"\" \/><\/figure><div class=\"elementor-image-box-content\"><p class=\"elementor-image-box-description\">Substitui\u00e7\u00e3o e Retensionamento dos cabos de a\u00e7os de Torres Estaiadas<\/p><\/div><\/div>\t\t\t\t<\/div>\n\t\t\t\t<\/div>\n\t\t\t\t\t<\/div>\n\t\t<\/div>\n\t\t\t\t<div class=\"elementor-column elementor-col-33 elementor-top-column elementor-element elementor-element-9577582\" data-id=\"9577582\" data-element_type=\"column\">\n\t\t\t<div class=\"elementor-widget-wrap elementor-element-populated\">\n\t\t\t\t\t\t<div class=\"elementor-element elementor-element-c2c2147 elementor-position-top elementor-widget elementor-widget-image-box\" data-id=\"c2c2147\" data-element_type=\"widget\" data-widget_type=\"image-box.default\">\n\t\t\t\t<div class=\"elementor-widget-container\">\n\t\t\t\t\t<div class=\"elementor-image-box-wrapper\"><figure class=\"elementor-image-box-img\"><img loading=\"lazy\" decoding=\"async\" width=\"154\" height=\"169\" src=\"https:\/\/forts.com.br\/wp-content\/uploads\/2020\/02\/icon-spray.png\" class=\"attachment-full size-full wp-image-566\" alt=\"\" \/><\/figure><div class=\"elementor-image-box-content\"><p class=\"elementor-image-box-description\">Repintura de torres met\u00e1licas<\/p><\/div><\/div>\t\t\t\t<\/div>\n\t\t\t\t<\/div>\n\t\t\t\t\t<\/div>\n\t\t<\/div>\n\t\t\t\t\t<\/div>\n\t\t<\/section>\n\t\t\t\t<\/div>\n\t\t","protected":false},"excerpt":{"rendered":"<p>Servi\u00e7os Levantamento dimensional da Torre para confec\u00e7\u00e3o dos Desenhos de Projteto Execu\u00e7\u00e3o de Laudo T\u00e9cnico Refor\u00e7o Estrutural de torres met\u00e1licas Amplia\u00e7\u00e3o de Torres Substitui\u00e7\u00e3o e Retensionamento dos cabos de a\u00e7os de Torres Estaiadas Repintura de torres met\u00e1licas<\/p>\n","protected":false},"author":1,"featured_media":0,"parent":0,"menu_order":0,"comment_status":"closed","ping_status":"closed","template":"elementor_header_footer","meta":{"footnotes":""},"class_list":["post-674","page","type-page","status-publish","hentry"],"_links":{"self":[{"href":"https:\/\/forts.com.br\/index.php?rest_route=\/wp\/v2\/pages\/674","targetHints":{"allow":["GET"]}}],"collection":[{"href":"https:\/\/forts.com.br\/index.php?rest_route=\/wp\/v2\/pages"}],"about":[{"href":"https:\/\/forts.com.br\/index.php?rest_route=\/wp\/v2\/types\/page"}],"author":[{"embeddable":true,"href":"https:\/\/forts.com.br\/index.php?rest_route=\/wp\/v2\/users\/1"}],"replies":[{"embeddable":true,"href":"https:\/\/forts.com.br\/index.php?rest_route=%2Fwp%2Fv2%2Fcomments&post=674"}],"version-history":[{"count":6,"href":"https:\/\/forts.com.br\/index.php?rest_route=\/wp\/v2\/pages\/674\/revisions"}],"predecessor-version":[{"id":683,"href":"https:\/\/forts.com.br\/index.php?rest_route=\/wp\/v2\/pages\/674\/revisions\/683"}],"wp:attachment":[{"href":"https:\/\/forts.com.br\/index.php?rest_route=%2Fwp%2Fv2%2Fmedia&parent=674"}],"curies":[{"name":"wp","href":"https:\/\/api.w.org\/{rel}","templated":true}]}}